{"id":8,"date":"2013-08-06T09:37:15","date_gmt":"2013-08-06T09:37:15","guid":{"rendered":"http:\/\/nvoo.hr\/?page_id=8"},"modified":"2016-03-21T18:36:19","modified_gmt":"2016-03-21T16:36:19","slug":"o-vijecu","status":"publish","type":"page","link":"https:\/\/nvoo.hr\/?page_id=8","title":{"rendered":"O Vije\u0107u"},"content":{"rendered":"<p>&#8220;Nacionalno vije\u0107e za odgoj i obrazovanje je stru\u010dno i strate\u0161ko tijelo koje prati kvalitetu sustava pred\u0161kolskog, osnovno\u0161kolskog i srednjo\u0161kolskog odgoja i obrazovanja u Republici Hrvatskoj&#8221;<\/p>\n<p>\/<em>Zakon o odgoju i obrazovanju u osnovnoj i srednjoj \u0161koli<\/em>,\u00a0 NN 126\/12-pro\u010di\u0161\u0107eni tekst\/<br \/>\nZadaci<\/p>\n<p>Nacionalnog vije\u0107a za odgoj i obrazovanje sukladno \u010dl. 89. (1.) Zakona o odgoju i obrazovanju u osnovnoj i srednjoj \u0161koli:<\/p>\n<ul>\n<li>predla\u017ee mjere, aktivnosti i strategije razvoja i unapre\u0111enja pred\u0161kolskog osnovno\u0161kolskog i srednjo\u0161kolskog odgoja i obrazovanja,<\/li>\n<li>brine se o razvoju nacionalnog kurikuluma,<\/li>\n<li>predla\u017ee i poti\u010de sudjelovanje drugih dionika, posebno drugih tijela dr\u017eavne uprave i tijela jedinica lokalne i podru\u010dne (regionalne) samouprave u sustavu pred\u0161kolskog, osnovno\u0161kolskog i srednjo\u0161kolskog odgoja i obrazovanja te uskla\u0111uje njihov rad,<\/li>\n<li>razmatra i daje svoje mi\u0161ljenje o drugim pitanjima va\u017enim za razvoj sustava pred\u0161kolskog, osnovno\u0161kolskog i srednjo\u0161kolskog odgoja i obrazovanja u Republici Hrvatskoj,<\/li>\n<li>obavlja i druge poslove.<\/li>\n<\/ul>\n<p>Sastav<\/p>\n<p>Nacionalnog vije\u0107a za odgoj i obrazovanje sukladno \u010dl. 89. (2.) Zakona o odgoju i obrazovanju u osnovnoj i srednjoj \u0161koli, ima predsjednicu i \u010detrnaest \u010dlanova, od kojih je \u0161est \u010dlanova iz reda sveu\u010dili\u0161nih profesora i znanstvenika, \u0161est \u010dlanova iz reda odgojno-obrazovnih radnika iz sustava pred\u0161kolskog, osnovno\u0161kolskog i srednjo\u0161kolskog odgoja i obrazovanja te dva \u010dlana izvan sustava odgoja i obrazovanja.<\/p>\n<p><b>Kontakt<\/b><\/p>\n<p dir=\"ltr\">Nacionalno vije\u0107e za odgoj i obrazovanje<br \/>\nDonje Svetice 38<br \/>\n10 000 Zagreb<br \/>\ntel.: 01-4594372<br \/>\ne-po\u0161ta: <a>nvoo@mzos.hr<\/a><\/p>\n<p dir=\"ltr\">Naslovna fotografija: <a href=\"http:\/\/www.tportal.hr\/vijesti\/hrvatska\/274028\/Zdravstveni-odgoj-treba-vratiti-u-skole.html\" target=\"_blank\">Igor Kralj\/PIXSELL \/ Pixsell<\/a><\/p>\n","protected":false},"excerpt":{"rendered":"<p>&#8220;Nacionalno vije\u0107e za odgoj i obrazovanje je stru\u010dno i strate\u0161ko tijelo koje prati kvalitetu sustava pred\u0161kolskog, osnovno\u0161kolskog i srednjo\u0161kolskog odgoja i obrazovanja u Republici Hrvatskoj&#8221; \/Zakon o odgoju i obrazovanju u osnovnoj i srednjoj \u0161koli,\u00a0 NN 126\/12-pro\u010di\u0161\u0107eni tekst\/ Zadaci Nacionalnog vije\u0107a za odgoj i obrazovanje sukladno \u010dl. 89. (1.) Zakona o odgoju i obrazovanju u [&hellip;]<\/p>\n","protected":false},"author":1,"featured_media":90,"parent":0,"menu_order":0,"comment_status":"open","ping_status":"closed","template":"","meta":{"_bbp_topic_count":0,"_bbp_reply_count":0,"_bbp_total_topic_count":0,"_bbp_total_reply_count":0,"_bbp_voice_count":0,"_bbp_anonymous_reply_count":0,"_bbp_topic_count_hidden":0,"_bbp_reply_count_hidden":0,"_bbp_forum_subforum_count":0,"footnotes":""},"class_list":["post-8","page","type-page","status-publish","has-post-thumbnail","hentry"],"_links":{"self":[{"href":"https:\/\/nvoo.hr\/index.php?rest_route=\/wp\/v2\/pages\/8","targetHints":{"allow":["GET"]}}],"collection":[{"href":"https:\/\/nvoo.hr\/index.php?rest_route=\/wp\/v2\/pages"}],"about":[{"href":"https:\/\/nvoo.hr\/index.php?rest_route=\/wp\/v2\/types\/page"}],"author":[{"embeddable":true,"href":"https:\/\/nvoo.hr\/index.php?rest_route=\/wp\/v2\/users\/1"}],"replies":[{"embeddable":true,"href":"https:\/\/nvoo.hr\/index.php?rest_route=%2Fwp%2Fv2%2Fcomments&post=8"}],"version-history":[{"count":6,"href":"https:\/\/nvoo.hr\/index.php?rest_route=\/wp\/v2\/pages\/8\/revisions"}],"predecessor-version":[{"id":398,"href":"https:\/\/nvoo.hr\/index.php?rest_route=\/wp\/v2\/pages\/8\/revisions\/398"}],"wp:featuredmedia":[{"embeddable":true,"href":"https:\/\/nvoo.hr\/index.php?rest_route=\/wp\/v2\/media\/90"}],"wp:attachment":[{"href":"https:\/\/nvoo.hr\/index.php?rest_route=%2Fwp%2Fv2%2Fmedia&parent=8"}],"curies":[{"name":"wp","href":"https:\/\/api.w.org\/{rel}","templated":true}]}}