{"id":50,"date":"2013-09-07T09:20:06","date_gmt":"2013-09-07T07:20:06","guid":{"rendered":"http:\/\/nvoo.hr\/?page_id=50"},"modified":"2016-12-28T11:42:53","modified_gmt":"2016-12-28T09:42:53","slug":"preporuke","status":"publish","type":"page","link":"https:\/\/nvoo.hr\/?page_id=50","title":{"rendered":"Preporuke"},"content":{"rendered":"<p><span style=\"color: #333399;\"><strong>20. prosinca 2016. Preporuka o va\u017enosti poticanja pedago\u0161kog pluralizma u odgoju i obrazovanju u Republici Hrvatskoj<\/strong><\/span><\/p>\n<p style=\"padding-left: 30px;\">Nacionalno vije\u0107e za odgoj i obrazovanje, kao stru\u010dno strate\u0161ko tijelo obrazovne politike koje prati kvalitetu sustava pred\u0161kolskoga, osnovno\u0161kolskog i srednjo\u0161kolskog odgoja i obrazovanja u Republici Hrvatskoj, donijelo je na svojoj 34. sjednici odr\u017eanoj 20. prosinca 2016. godine<strong>\u00a0Preporuku o va\u017enosti poticanja pedago\u0161kog pluralizma u odgoju i obrazovanju u Republici Hrvatskoj.<br \/>\n<\/strong>Globalizirani svijet dinami\u010dnih dru\u0161tvenih promjena afirmira suvremenu dru\u0161tvenu paradigmu utemeljenu na pluralisti\u010dkome politi\u010dkom diskursu koji omogu\u0107uje skupinama i pojedincima da nesmetano promi\u010du razli\u010dite interese i vrijednosti. Biti gra\u0111anin suvremene Europe zna\u010di \u017eivjeti u dru\u0161tvu koje pluralizam odre\u0111uje kao na\u010delo i vrijednosnu kategoriju, koje podrazumijeva ljudske slobode i temeljna ljudska prava jer su pravo na razli\u010ditost i tolerancija sredi\u0161nje vrijednosti pluralisti\u010dke zajednice.\u00a0<a href=\"https:\/\/nvoo.hr\/wp-content\/uploads\/2013\/09\/Preporuka-NVOO-a-o-va\u017enosti-poticanja-pedago\u0161kih-pluralizama-u-odgoju-i-obrazovanju-u-RH5816876-002.pdf\" rel=\"\">Preporuka NVOO-a o va\u017enosti poticanja pedago\u0161kih pluralizama u odgoju i obrazovanju u RH<\/a><\/p>\n<p>&nbsp;<\/p>\n<hr \/>\n<p>&nbsp;<\/p>\n<p><span style=\"color: #333399;\"><strong>17. o\u017eujka 2014.\u00a0 Prilog javnoj raspravi uz Nacrt Pravilnika o tjednim radnim obvezama u\u010ditelja i stru\u010dnih suradnika\u00a0 u osnovnoj \u0161koli<br \/>\n<\/strong><\/span><b><\/b><\/p>\n<p style=\"padding-left: 30px;\">NVOO je zaklju\u010dilo potrebitim dono\u0161enje novog Pravilnika jer se radi o va\u017enom podzakonskom aktu kojim se doprinosi podizanju kvalitete odgoja i obrazovanja u osnovnoj \u0161koli. Uva\u017eavaju\u0107i u potpunosti \u010dinjenicu da u\u010ditelji i stru\u010dni suradnici imaju klju\u010dnu ulogu u procesima u\u010denja i pou\u010davanja, ure\u0111enje njihovih radnih obveza va\u017ena je pretpostavka za stvaranje okru\u017eenja u kojem \u0107e u\u010denici dobiti najkvalitetniju odgojno-obrazovnu podr\u0161ku. Istovremeno, novom regulativom radnih obveza ispravljaju se uo\u010dene manjkavosti i nepravde u postoje\u0107em Pravilniku i otvaraju mogu\u0107nosti stvaranja kvalitetnih radnih uvjeta jednakih za sve u\u010ditelje i stru\u010dne suradnike u osnovnoj \u0161koli. NVOO je u raspravi ukazalo na odre\u0111ene manjkavosti u predlo\u017eenom Pravilniku o kojima valja voditi ra\u010duna prilikom oblikovanja dokumenta u kona\u010dnici.\u00a0 <a href=\"https:\/\/nvoo.hr\/wp-content\/uploads\/2013\/09\/Prilog-javnoj-raspravi-uz-Nacrt-Pravilnika-o-tjednim-radnim-obvezama-u\u010ditelja4299186.pdf\" target=\"_blank\">Cijeli tekst priloga javnoj raspravi<\/a><\/p>\n<p>&nbsp;<\/p>\n<hr \/>\n<p><span style=\"color: #333399;\"><strong>23. sije\u010dnja 2014.\u00a0<\/strong><\/span><b><span style=\"color: #333399;\"> Preporuka Nacionalnog vije\u0107a za odgoj i obrazovanje za prijavu projektnih prijedloga za <\/span><span style=\"color: #333399;\">program Erasmus +<\/span><br \/>\n<\/b><\/p>\n<p style=\"padding-left: 30px;\">Nedvojbeno je da programi cjelo\u017eivotnog u\u010denja mogu sna\u017eno potaknuti kontinuirani profesionalni razvoj odgojno-obrazovnih stru\u010dnjaka i unapre\u0111enje kvalitete odgoja i obrazovanja. Novi uvjeti prijava za program Erasmus+ premjestili su fokus s pojedinca na ustanovu i na taj na\u010din sna\u017eno oja\u010dali poziciju ravnatelja od kojeg se o\u010dekuje da navedene projektne prijedloge planira, organizira i prijavljuje.<br \/>\nStoga Nacionalno vije\u0107e za odgoj i obrazovanje preporu\u010duje svim \u010delnicima odgojno-obrazovnih ustanova da se aktivno uklju\u010de u prijavu projektnih prijedloga i iskoriste \u0161ansu koja im se pru\u017ea. Nacionalno vije\u0107e za odgoj i obrazovanje tako\u0111er smatra kako nadle\u017ene agencije trebaju odgojno-obrazovnim ustanovama osigurati podr\u0161ku kako bi se osiguralo da prijave budu \u0161to uspje\u0161nije, kao i da svim djelatnicima uklju\u010denima u projekte budu osigurani primjereni uvjeti za njihovo provo\u0111enje. <a href=\"https:\/\/nvoo.hr\/wp-content\/uploads\/2013\/09\/Preporuka-NVOO-za-prijavu-projektnih-prijedloga-za-program-Erasmus+.pdf\">Cijeli tekst preporuke<\/a><\/p>\n<p>&nbsp;<\/p>\n<hr \/>\n<p><span style=\"color: #333399;\"><strong>23. svibnja 2013. Preporuka\u00a0o<\/strong><\/span><b><span style=\"color: #333399;\"> (re)pozicioniranju <i>Kurikuluma gra\u0111anskog odgoja<\/i> nakon jednogodi\u0161nje eksperimentalne provedbe<\/span> <\/b><\/p>\n<p style=\"text-align: justify; padding-left: 30px;\">Zbog novih okolnosti nastalih nakon zavr\u0161ene jednogodi\u0161nje eksperimentalne provedbe i pra\u0107enja provedbe i vrednovanja <i>Kurikuluma, <\/i>NVOO \u017eeli ukazati na problem njegova (re)pozicioniranja i upozoriti na \u010dinjenicu da postoji potencijalna nesigurnost daljnje \u00a0provedbe, pra\u0107enja, vrednovanja i realizacije. <a title=\"Preporuka NVOO gra\u0111anski odgoj\" href=\"https:\/\/nvoo.hr\/wp-content\/uploads\/2013\/09\/Preporuka-NVOO-gra\u0111anski-odgoj.pdf\" target=\"_blank\">Cijeli tekst preporuke<\/a><\/p>\n<hr \/>\n<p><span style=\"color: #333399;\"><strong>23. svibnja 2013. Preporuka\u00a0o<\/strong><b> Nacrtu <i>Pravilnika o napredovanju odgojno-obrazovnih radnika u pred\u0161kolskom, osnovno\u0161kolskom i srednjo\u0161kolskom odgoju i obrazovanju<\/i> <\/b><\/span><\/p>\n<p style=\"text-align: justify; padding-left: 30px;\">Nacionalno vije\u0107e za odgoj i obrazovanje raspravljalo je na svojoj 4. sjednici odr\u017eanoj 23.\u00a0 svibnja 2013. godine o Nacrtu \u00a0<i>Pravilnika o napredovanju odgojno-obrazovnih radnika u pred\u0161kolskom, osnovno\u0161kolskom i srednjo\u0161kolskom odgoju i obrazovanju.<\/i> Povod raspravi nacionalno vije\u0107e je utemeljilo u \u010dinjenici da su provedbeni akti koji reguliraju napredovanje u struci u sastavu pred\u0161kolskog, osnovno\u0161kolskog i srednjo\u0161kolskog odgoja i obrazovanja starijeg datuma (1995. godine) i da su izgubili na va\u017enosti koju po svojoj prirodi imanentno trebaju imati. <a title=\"Preporuka NVOO Pravilnik o napredovanju\" href=\"https:\/\/nvoo.hr\/wp-content\/uploads\/2013\/09\/Preporuka-NVOO-Pravilnik-o-napredovanju.pdf\" target=\"_blank\">Cijeli tekst preporuke<\/a><\/p>\n<hr \/>\n<p><span style=\"color: #333399;\"><strong>29. travnja 2013. Preporuka\u00a0o aktivnostima tijela obrazovne politike<\/strong><\/span><\/p>\n<p style=\"text-align: justify; padding-left: 30px;\">Uvidom u aktualna zbivanja u sustavu odgoja i obrazovanja uo\u010dene su odre\u0111ene aktivnosti\u00a0u dono\u0161enju zna\u010dajnih dokumenata kojima se on ure\u0111uje. Prihva\u0107aju\u0107i \u010dinjenicu\u00a0 da je dgojno-obrazovni sustav dinami\u010dna i promjenjiva struktura, te da u tome\u00a0 smislu zahtijeva intervencije neophodne za njegovo u\u010dinkovito funkcioniranje,\u00a0dr\u017eimo potrebnim ukazati na posebnost trenutka u kojem se navedene intervencije\u00a0doga\u0111aju. <a title=\"Preporuka-NVOO-a oaktivnostima tijela obrazovne politike\" href=\"https:\/\/nvoo.hr\/wp-content\/uploads\/2013\/09\/Preporuka-NVOO-a-o-aktivnostima-tijela-obrazovne-politike.pdf\" target=\"_blank\">Cijeli tekst preporuke<\/a><\/p>\n<p>&nbsp;<\/p>\n","protected":false},"excerpt":{"rendered":"<p>20. prosinca 2016. Preporuka o va\u017enosti poticanja pedago\u0161kog pluralizma u odgoju i obrazovanju u Republici Hrvatskoj Nacionalno vije\u0107e za odgoj i obrazovanje, kao stru\u010dno strate\u0161ko tijelo obrazovne politike koje prati kvalitetu sustava pred\u0161kolskoga, osnovno\u0161kolskog i srednjo\u0161kolskog odgoja i obrazovanja u Republici Hrvatskoj, donijelo je na svojoj 34. sjednici odr\u017eanoj 20. prosinca 2016. godine\u00a0Preporuku o va\u017enosti [&hellip;]<\/p>\n","protected":false},"author":1,"featured_media":63,"parent":0,"menu_order":0,"comment_status":"closed","ping_status":"closed","template":"","meta":{"_bbp_topic_count":0,"_bbp_reply_count":0,"_bbp_total_topic_count":0,"_bbp_total_reply_count":0,"_bbp_voice_count":0,"_bbp_anonymous_reply_count":0,"_bbp_topic_count_hidden":0,"_bbp_reply_count_hidden":0,"_bbp_forum_subforum_count":0,"footnotes":""},"class_list":["post-50","page","type-page","status-publish","has-post-thumbnail","hentry"],"_links":{"self":[{"href":"https:\/\/nvoo.hr\/index.php?rest_route=\/wp\/v2\/pages\/50","targetHints":{"allow":["GET"]}}],"collection":[{"href":"https:\/\/nvoo.hr\/index.php?rest_route=\/wp\/v2\/pages"}],"about":[{"href":"https:\/\/nvoo.hr\/index.php?rest_route=\/wp\/v2\/types\/page"}],"author":[{"embeddable":true,"href":"https:\/\/nvoo.hr\/index.php?rest_route=\/wp\/v2\/users\/1"}],"replies":[{"embeddable":true,"href":"https:\/\/nvoo.hr\/index.php?rest_route=%2Fwp%2Fv2%2Fcomments&post=50"}],"version-history":[{"count":25,"href":"https:\/\/nvoo.hr\/index.php?rest_route=\/wp\/v2\/pages\/50\/revisions"}],"predecessor-version":[{"id":448,"href":"https:\/\/nvoo.hr\/index.php?rest_route=\/wp\/v2\/pages\/50\/revisions\/448"}],"wp:featuredmedia":[{"embeddable":true,"href":"https:\/\/nvoo.hr\/index.php?rest_route=\/wp\/v2\/media\/63"}],"wp:attachment":[{"href":"https:\/\/nvoo.hr\/index.php?rest_route=%2Fwp%2Fv2%2Fmedia&parent=50"}],"curies":[{"name":"wp","href":"https:\/\/api.w.org\/{rel}","templated":true}]}}