{"id":369,"date":"2016-02-04T13:21:25","date_gmt":"2016-02-04T11:21:25","guid":{"rendered":"http:\/\/nvoo.hr\/?page_id=369"},"modified":"2016-03-10T13:58:16","modified_gmt":"2016-03-10T11:58:16","slug":"4-1-1-kompetencijski-standard","status":"publish","type":"page","link":"https:\/\/nvoo.hr\/?page_id=369","title":{"rendered":"4.1.1. Kompetencijski standard"},"content":{"rendered":"<p><b><span style=\"color: #800080;\">4. sastanak Ekspertnog tima <strong>za provo\u0111enje ciljeva i mjera Strategije obrazovanja, znanosti i tehnologije<\/strong><\/span><\/b><\/p>\n<p>Odr\u017ean je 26. sije\u010dnja 2016. godine u 13:00 sati u Ministarstvu znanosti, obrazovanja i sporta, Donje Svetice 38, Zagreb.<\/p>\n<p><strong>Dnevni red:<\/strong><\/p>\n<ol>\n<li>Usvajanje dnevnog reda<\/li>\n<li>Usvajanje zapisnika s tre\u0107eg sastanka Ekspertnog tima za provo\u0111enje ciljeva i mjera izvedenih iz 4. cilja Strategije obrazovanja, znanosti i tehnologije (to\u010dka 4.1.1), odr\u017eanog 3. prosinca 2015<\/li>\n<li>Rasprava o prijedlogu Nacionalnog kompetencijskog standarda za osnovne i srednje \u0161kole<\/li>\n<li>Rasprava o dinamici provedbe mjera 4. cilja Strategije obrazovanja, znanosti i tehnologije RH<\/li>\n<li>Rasprava o standardima zanimanja za u\u010ditelje u predtercijarnom obrazovanju Republike Hrvatske<\/li>\n<li>Razno.<\/li>\n<\/ol>\n<p><a href=\"https:\/\/nvoo.hr\/wp-content\/uploads\/2016\/02\/4-zapisnik_ET-1.pdf\" rel=\"\">Zapisnik 4. sastanka Ekspertnog tima<\/a><\/p>\n<p>&nbsp;<\/p>\n<p><b><span style=\"color: #800080;\">3. sastanak Ekspertnog tima <strong>za provo\u0111enje ciljeva i mjera Strategije obrazovanja, znanosti i tehnologije<\/strong><\/span><\/b><\/p>\n<p>Odr\u017ean je 3. prosinca 2015. godine u 12:30 sati u Ministarstvu znanosti, obrazovanja i sporta, Donje Svetice 38, Zagreb.<\/p>\n<p><strong>Dnevni red:<\/strong><\/p>\n<ol>\n<li>Usvajanje zapisnika s drugog sastanka\u00a0 Ekspertnog tima za provo\u0111enje ciljeva i mjera izvedenih iz 4. cilja Strategije obrazovanja, znanosti i tehnologije (to\u010dka 4.1.1), odr\u017eanog 19. listopada 2015.<\/li>\n<li>Rasprava o prijedlogu podloge za predstavljanje standarda kvalifikacije licenciranog u\u010ditelja<\/li>\n<li>Informacija o projektu \u201eStandardi kvalifikacija i unaprje\u0111ivanje kvalitete studijskih programa odgajatelja i u\u010ditelja\u201c<\/li>\n<li>Rasprava o standardima zanimanja za u\u010ditelje u predtercijarnom obrazovanju Republike Hrvatske<\/li>\n<li>Razno<\/li>\n<\/ol>\n<p><a href=\"https:\/\/nvoo.hr\/wp-content\/uploads\/2015\/10\/Zapisnik-3-Ekspertnog-tima_final.pdf\" rel=\"\">Zapisnik 3. sastanka Ekspertnog tima<\/a><\/p>\n<p>&nbsp;<\/p>\n<p><b><span style=\"color: #800080;\">2. sastanak Ekspertnog tima <strong>za provo\u0111enje ciljeva i mjera Strategije obrazovanja, znanosti i tehnologije<\/strong><\/span><br \/>\n<\/b><\/p>\n<p><b>\u00a0<\/b>Odr\u017ean je 19. listopada 2015. godine u 10:00 sati u Ministarstvu znanosti, obrazovanja i sporta, Donje Svetice 38, Zagreb.<\/p>\n<p><b>Dnevni red:<\/b><\/p>\n<ol>\n<li>Usvajanje zapisnika s prvog sastanka Ekspertnog tima za provo\u0111enje ciljeva i mjera izvedenih iz 4. cilja Strategije obrazovanja, znanosti i tehnologije (to\u010dka 4.1.1.) odr\u017eanog 16. rujna 2015.<\/li>\n<li>Nastavak rasprave o mogu\u0107nosti prihva\u0107anja prijedloga Nacionalnog standarda kvalifikacije za u\u010ditelje osnovnih i srednjih \u0161kola kao podloge za izradu Nacionalnog standarda kvalifikacija za u\u010diteljsku profesiju<\/li>\n<li>Prijedlog NVOO-u za imenovanje \u010dlanova Povjerenstva za izradu Eti\u010dkog kodeksa<\/li>\n<li>Razno<\/li>\n<\/ol>\n<p><a href=\"https:\/\/nvoo.hr\/wp-content\/uploads\/2015\/10\/Zapisnik-2-.-sastanka-Ekspertnog-tima-za-web.pdf\" rel=\"\">Zapisnik 2 . sastanka Ekspertnog tima<\/a><\/p>\n<p>&nbsp;<\/p>\n<p><b><span style=\"color: #800080;\">1. sastanak Ekspertnog tima <strong>za provo\u0111enje ciljeva i mjera Strategije obrazovanja, znanosti i tehnologije<\/strong><\/span><br \/>\n<\/b><\/p>\n<p><b>\u00a0<\/b>Odr\u017ean je 16. rujna 2015. godine u 10:00 sati u Ministarstvu znanosti, obrazovanja i sporta, Donje Svetice 38, Zagreb.<\/p>\n<p><b>\u00a0Dnevni red:<\/b><\/p>\n<ol>\n<li>Uvodno &#8211; Predstavljanje Ekspertnog tima NVOO-a za provedbu mjera izvedenih iz 4. cilja Strategije obrazovanja, znanosti i tehnologije &#8211; predsjednica NVOO, prof. dr. sc. Jasna Krstovi\u0107<\/li>\n<li>Cilj, zada\u0107e i aktivnosti rada Ekspertnog tima NVOO-a \u2013 prof. dr. sc. Vlatka Domovi\u0107,\u00a0 predsjednica Ekspertnog tima<\/li>\n<li>Razno<\/li>\n<\/ol>\n<p><a href=\"https:\/\/nvoo.hr\/wp-content\/uploads\/2015\/10\/Zapisnik-1.-sastanka-Ekspernog-tima-za-web.pdf\" rel=\"\">Zapisnik 1. sastanka- Ekspernog tima<\/a><\/p>\n<p>&nbsp;<\/p>\n","protected":false},"excerpt":{"rendered":"<p>4. sastanak Ekspertnog tima za provo\u0111enje ciljeva i mjera Strategije obrazovanja, znanosti i tehnologije Odr\u017ean je 26. sije\u010dnja 2016. godine u 13:00 sati u Ministarstvu znanosti, obrazovanja i sporta, Donje Svetice 38, Zagreb. Dnevni red: Usvajanje dnevnog reda Usvajanje zapisnika s tre\u0107eg sastanka Ekspertnog tima za provo\u0111enje ciljeva i mjera izvedenih iz 4. cilja Strategije [&hellip;]<\/p>\n","protected":false},"author":1,"featured_media":0,"parent":309,"menu_order":0,"comment_status":"closed","ping_status":"closed","template":"","meta":{"_bbp_topic_count":0,"_bbp_reply_count":0,"_bbp_total_topic_count":0,"_bbp_total_reply_count":0,"_bbp_voice_count":0,"_bbp_anonymous_reply_count":0,"_bbp_topic_count_hidden":0,"_bbp_reply_count_hidden":0,"_bbp_forum_subforum_count":0,"footnotes":""},"class_list":["post-369","page","type-page","status-publish","hentry"],"_links":{"self":[{"href":"https:\/\/nvoo.hr\/index.php?rest_route=\/wp\/v2\/pages\/369","targetHints":{"allow":["GET"]}}],"collection":[{"href":"https:\/\/nvoo.hr\/index.php?rest_route=\/wp\/v2\/pages"}],"about":[{"href":"https:\/\/nvoo.hr\/index.php?rest_route=\/wp\/v2\/types\/page"}],"author":[{"embeddable":true,"href":"https:\/\/nvoo.hr\/index.php?rest_route=\/wp\/v2\/users\/1"}],"replies":[{"embeddable":true,"href":"https:\/\/nvoo.hr\/index.php?rest_route=%2Fwp%2Fv2%2Fcomments&post=369"}],"version-history":[{"count":4,"href":"https:\/\/nvoo.hr\/index.php?rest_route=\/wp\/v2\/pages\/369\/revisions"}],"predecessor-version":[{"id":378,"href":"https:\/\/nvoo.hr\/index.php?rest_route=\/wp\/v2\/pages\/369\/revisions\/378"}],"up":[{"embeddable":true,"href":"https:\/\/nvoo.hr\/index.php?rest_route=\/wp\/v2\/pages\/309"}],"wp:attachment":[{"href":"https:\/\/nvoo.hr\/index.php?rest_route=%2Fwp%2Fv2%2Fmedia&parent=369"}],"curies":[{"name":"wp","href":"https:\/\/api.w.org\/{rel}","templated":true}]}}