{"id":366,"date":"2016-02-04T13:19:12","date_gmt":"2016-02-04T11:19:12","guid":{"rendered":"http:\/\/nvoo.hr\/?page_id=366"},"modified":"2016-05-22T09:35:00","modified_gmt":"2016-05-22T07:35:00","slug":"4-1-1-eticki-kodeks","status":"publish","type":"page","link":"https:\/\/nvoo.hr\/?page_id=366","title":{"rendered":"4.1.1. Eti\u010dki kodeks"},"content":{"rendered":"<p><b><span style=\"color: #800080;\">3. sastanak Povjerenstva za Eti\u010dki kodeks u\u010ditelja <\/span><br \/>\n<\/b>Odr\u017ean je 19. travnja 2016. godine u 9:30 sati u Ministarstvu znanosti, obrazovanja i sporta, Donje Svetice 38, Zagreb.<br \/>\nDnevni red:<\/p>\n<ol>\n<li>Analiza radne verzije Eti\u010dkog kodeksa za u\u010ditelje<\/li>\n<li>Dogovor o daljnjem radu<\/li>\n<li>Razno<\/li>\n<\/ol>\n<p><a href=\"https:\/\/nvoo.hr\/wp-content\/uploads\/2016\/02\/Zapisnik-3-_Eti\u010dki-kodeks-v2.pdf\" rel=\"\">Zapisnik 3. sastanka povjerenstva<\/a><\/p>\n<p><b><span style=\"color: #800080;\">2. sastanak Povjerenstva za Eti\u010dki kodeks u\u010ditelja <\/span><br \/>\n<\/b>Odr\u017ean je 16. velja\u010de 2016. odine u 9:00 sati u Uredu Cjelovite kurikularne reforme, Berislavi\u0107eva 16, Zagreb.<br \/>\nDnevni red:<\/p>\n<ol>\n<li>Odre\u0111ivanje strukture dokumenta<\/li>\n<li>Razno<\/li>\n<\/ol>\n<p><a href=\"https:\/\/nvoo.hr\/wp-content\/uploads\/2016\/02\/Zapisnik-2-Eti\u010dki-kodeks.pdf\" rel=\"\">Zapisnik 2. sastanka povjerenstva<\/a><\/p>\n<p>&nbsp;<\/p>\n<p><b><span style=\"color: #800080;\"><b>1. sastanak Povjerenstva za Eti\u010dki kodeks u\u010ditelja <\/b><\/span><br \/>\n<\/b>Odr\u017ean je 4. velja\u010de 2016. godine u 9:00 sati u Uredu Cjelovite kurikularne reforme, Berislavi\u0107eva 16, Zagreb.<br \/>\nDnevni red:<\/p>\n<ol>\n<li>Cilj, zada\u0107e i aktivnosti rada Povjerenstva<\/li>\n<li>Dinamika izrade Eti\u010dkog kodeksa za u\u010ditelje<\/li>\n<li>Plan prate\u0107ih aktivnosti<\/li>\n<li>Razno<\/li>\n<\/ol>\n<p><a href=\"https:\/\/nvoo.hr\/wp-content\/uploads\/2016\/02\/Zapisnik-1-_Eti\u010dki-kodeks.pdf\" rel=\"\">Zapisnik 1. sastanka Povjerenstva<\/a><\/p>\n","protected":false},"excerpt":{"rendered":"<p>3. sastanak Povjerenstva za Eti\u010dki kodeks u\u010ditelja Odr\u017ean je 19. travnja 2016. godine u 9:30 sati u Ministarstvu znanosti, obrazovanja i sporta, Donje Svetice 38, Zagreb. Dnevni red: Analiza radne verzije Eti\u010dkog kodeksa za u\u010ditelje Dogovor o daljnjem radu Razno Zapisnik 3. sastanka povjerenstva 2. sastanak Povjerenstva za Eti\u010dki kodeks u\u010ditelja Odr\u017ean je 16. velja\u010de [&hellip;]<\/p>\n","protected":false},"author":1,"featured_media":0,"parent":309,"menu_order":0,"comment_status":"closed","ping_status":"closed","template":"","meta":{"_bbp_topic_count":0,"_bbp_reply_count":0,"_bbp_total_topic_count":0,"_bbp_total_reply_count":0,"_bbp_voice_count":0,"_bbp_anonymous_reply_count":0,"_bbp_topic_count_hidden":0,"_bbp_reply_count_hidden":0,"_bbp_forum_subforum_count":0,"footnotes":""},"class_list":["post-366","page","type-page","status-publish","hentry"],"_links":{"self":[{"href":"https:\/\/nvoo.hr\/index.php?rest_route=\/wp\/v2\/pages\/366","targetHints":{"allow":["GET"]}}],"collection":[{"href":"https:\/\/nvoo.hr\/index.php?rest_route=\/wp\/v2\/pages"}],"about":[{"href":"https:\/\/nvoo.hr\/index.php?rest_route=\/wp\/v2\/types\/page"}],"author":[{"embeddable":true,"href":"https:\/\/nvoo.hr\/index.php?rest_route=\/wp\/v2\/users\/1"}],"replies":[{"embeddable":true,"href":"https:\/\/nvoo.hr\/index.php?rest_route=%2Fwp%2Fv2%2Fcomments&post=366"}],"version-history":[{"count":7,"href":"https:\/\/nvoo.hr\/index.php?rest_route=\/wp\/v2\/pages\/366\/revisions"}],"predecessor-version":[{"id":419,"href":"https:\/\/nvoo.hr\/index.php?rest_route=\/wp\/v2\/pages\/366\/revisions\/419"}],"up":[{"embeddable":true,"href":"https:\/\/nvoo.hr\/index.php?rest_route=\/wp\/v2\/pages\/309"}],"wp:attachment":[{"href":"https:\/\/nvoo.hr\/index.php?rest_route=%2Fwp%2Fv2%2Fmedia&parent=366"}],"curies":[{"name":"wp","href":"https:\/\/api.w.org\/{rel}","templated":true}]}}