{"id":309,"date":"2015-10-26T09:33:42","date_gmt":"2015-10-26T07:33:42","guid":{"rendered":"http:\/\/nvoo.hr\/?page_id=309"},"modified":"2016-03-10T13:50:44","modified_gmt":"2016-03-10T11:50:44","slug":"provodenje-strategije","status":"publish","type":"page","link":"https:\/\/nvoo.hr\/?page_id=309","title":{"rendered":"Provo\u0111enje Strategije"},"content":{"rendered":"<p>15. srpnja 2015. Nacionalno vije\u0107e za odgoj i obrazovanje imenovalo je<strong> Ekspertni tim za provo\u0111enje ciljeva i mjera Strategije obrazovanja, znanosti i tehnologije<\/strong>. Ekspertni tim zadu\u017een je za provodenje 4. cilja\u00a0 Podi\u0107i kvalitetu rada i dru\u0161tveni ugled u\u010ditelja,\u00a0 to\u010dke 4. 1. Profesionalizacija u\u010diteljskog zanimanja Strategije obrazovanja, znanosti i tehnologije (Narodne novine, broj: 124\/14) <a href=\"https:\/\/nvoo.hr\/wp-content\/uploads\/2015\/10\/Odluka-o-imenovanju-Ekspertnog-tima_SOZT.pdf\">Odluka o imenovanju Ekspertnog tima_SOZT<\/a><\/p>\n<p>9. prosinca 2015. Nacionalno vije\u0107e za odgoj i obrazovanje imenovalo je <strong>Povjerenstvo za izradu Eti\u010dkog kodeksa za u\u010ditelje<\/strong>, dio mjere 4. 1. 1. Strategije obrazovanja, znanosti i tehnologije. <a href=\"https:\/\/nvoo.hr\/wp-content\/uploads\/2015\/10\/Odluka_imenovanje_Eti\u010dki-kodeks.pdf\" rel=\"\">Odluka o imenovanju Povjerenstva za Eti\u010dki kodeks<\/a><\/p>\n<p><b><span style=\"color: #800080;\">4.1. Profesionalizacija u\u010diteljskog zanimanja<\/span><\/b><\/p>\n<p style=\"padding-left: 30px;\">4.1.1. Izraditi klju\u010dne dokumente za profesionalizaciju u\u010diteljske struke:<br \/>\n<a href=\"https:\/\/nvoo.hr\/?page_id=369\" target=\"_blank\">Nacionalni kompetencijski standard za u\u010diteljsku profesiju<\/a> temeljen na Hrvatskom kvalifikacijskom okviru i<br \/>\n<a href=\"https:\/\/nvoo.hr\/?page_id=366\" target=\"_blank\">Eti\u010dki kodeks za u\u010ditelje<\/a><\/p>\n<p>&nbsp;<\/p>\n","protected":false},"excerpt":{"rendered":"<p>15. srpnja 2015. Nacionalno vije\u0107e za odgoj i obrazovanje imenovalo je Ekspertni tim za provo\u0111enje ciljeva i mjera Strategije obrazovanja, znanosti i tehnologije. Ekspertni tim zadu\u017een je za provodenje 4. cilja\u00a0 Podi\u0107i kvalitetu rada i dru\u0161tveni ugled u\u010ditelja,\u00a0 to\u010dke 4. 1. Profesionalizacija u\u010diteljskog zanimanja Strategije obrazovanja, znanosti i tehnologije (Narodne novine, broj: 124\/14) Odluka o [&hellip;]<\/p>\n","protected":false},"author":1,"featured_media":0,"parent":0,"menu_order":0,"comment_status":"closed","ping_status":"closed","template":"","meta":{"_bbp_topic_count":0,"_bbp_reply_count":0,"_bbp_total_topic_count":0,"_bbp_total_reply_count":0,"_bbp_voice_count":0,"_bbp_anonymous_reply_count":0,"_bbp_topic_count_hidden":0,"_bbp_reply_count_hidden":0,"_bbp_forum_subforum_count":0,"footnotes":""},"class_list":["post-309","page","type-page","status-publish","hentry"],"_links":{"self":[{"href":"https:\/\/nvoo.hr\/index.php?rest_route=\/wp\/v2\/pages\/309","targetHints":{"allow":["GET"]}}],"collection":[{"href":"https:\/\/nvoo.hr\/index.php?rest_route=\/wp\/v2\/pages"}],"about":[{"href":"https:\/\/nvoo.hr\/index.php?rest_route=\/wp\/v2\/types\/page"}],"author":[{"embeddable":true,"href":"https:\/\/nvoo.hr\/index.php?rest_route=\/wp\/v2\/users\/1"}],"replies":[{"embeddable":true,"href":"https:\/\/nvoo.hr\/index.php?rest_route=%2Fwp%2Fv2%2Fcomments&post=309"}],"version-history":[{"count":22,"href":"https:\/\/nvoo.hr\/index.php?rest_route=\/wp\/v2\/pages\/309\/revisions"}],"predecessor-version":[{"id":387,"href":"https:\/\/nvoo.hr\/index.php?rest_route=\/wp\/v2\/pages\/309\/revisions\/387"}],"wp:attachment":[{"href":"https:\/\/nvoo.hr\/index.php?rest_route=%2Fwp%2Fv2%2Fmedia&parent=309"}],"curies":[{"name":"wp","href":"https:\/\/api.w.org\/{rel}","templated":true}]}}