{"id":243,"date":"2015-02-07T19:12:27","date_gmt":"2015-02-07T17:12:27","guid":{"rendered":"http:\/\/nvoo.hr\/?page_id=243"},"modified":"2016-12-28T10:07:11","modified_gmt":"2016-12-28T08:07:11","slug":"aktualno","status":"publish","type":"page","link":"https:\/\/nvoo.hr\/?page_id=243","title":{"rendered":"Aktualno"},"content":{"rendered":"<p><strong>Aktualno<\/strong><\/p>\n<p><strong>prosinac 2016.<\/strong><\/p>\n<p>Odr\u017eana je 34. sjednica NVOO-a u utorak, 20. prosinca 2016. godine u 11:00 sati sa sljede\u0107im dnevnim redom:<\/p>\n<ol>\n<li>Usvajanje dnevnog reda<\/li>\n<li>Usvajanje zapisnika 33. sjednice<\/li>\n<li>Rasprava i usvajanje <em>Nacrta Izvje\u0161\u0107a \u2013 4. godi\u0161te (2016.) Nacionalnog vije\u0107a za odgoj i obrazovanje<\/em><\/li>\n<li>Usvajanje <em>Nacrta Preporuke NVOO-a o va\u017enosti pluralizma u odgoju i obrazovanju u Republici Hrvatskoj<\/em><\/li>\n<li>Razno<\/li>\n<\/ol>\n","protected":false},"excerpt":{"rendered":"<p>Aktualno prosinac 2016. Odr\u017eana je 34. sjednica NVOO-a u utorak, 20. prosinca 2016. godine u 11:00 sati sa sljede\u0107im dnevnim redom: Usvajanje dnevnog reda Usvajanje zapisnika 33. sjednice Rasprava i usvajanje Nacrta Izvje\u0161\u0107a \u2013 4. godi\u0161te (2016.) Nacionalnog vije\u0107a za odgoj i obrazovanje Usvajanje Nacrta Preporuke NVOO-a o va\u017enosti pluralizma u odgoju i obrazovanju u [&hellip;]<\/p>\n","protected":false},"author":1,"featured_media":0,"parent":0,"menu_order":0,"comment_status":"closed","ping_status":"closed","template":"","meta":{"_bbp_topic_count":0,"_bbp_reply_count":0,"_bbp_total_topic_count":0,"_bbp_total_reply_count":0,"_bbp_voice_count":0,"_bbp_anonymous_reply_count":0,"_bbp_topic_count_hidden":0,"_bbp_reply_count_hidden":0,"_bbp_forum_subforum_count":0,"footnotes":""},"class_list":["post-243","page","type-page","status-publish","hentry"],"_links":{"self":[{"href":"https:\/\/nvoo.hr\/index.php?rest_route=\/wp\/v2\/pages\/243","targetHints":{"allow":["GET"]}}],"collection":[{"href":"https:\/\/nvoo.hr\/index.php?rest_route=\/wp\/v2\/pages"}],"about":[{"href":"https:\/\/nvoo.hr\/index.php?rest_route=\/wp\/v2\/types\/page"}],"author":[{"embeddable":true,"href":"https:\/\/nvoo.hr\/index.php?rest_route=\/wp\/v2\/users\/1"}],"replies":[{"embeddable":true,"href":"https:\/\/nvoo.hr\/index.php?rest_route=%2Fwp%2Fv2%2Fcomments&post=243"}],"version-history":[{"count":27,"href":"https:\/\/nvoo.hr\/index.php?rest_route=\/wp\/v2\/pages\/243\/revisions"}],"predecessor-version":[{"id":442,"href":"https:\/\/nvoo.hr\/index.php?rest_route=\/wp\/v2\/pages\/243\/revisions\/442"}],"wp:attachment":[{"href":"https:\/\/nvoo.hr\/index.php?rest_route=%2Fwp%2Fv2%2Fmedia&parent=243"}],"curies":[{"name":"wp","href":"https:\/\/api.w.org\/{rel}","templated":true}]}}