{"id":237,"date":"2015-02-07T19:09:54","date_gmt":"2015-02-07T17:09:54","guid":{"rendered":"http:\/\/nvoo.hr\/?page_id=237"},"modified":"2016-02-17T18:34:01","modified_gmt":"2016-02-17T16:34:01","slug":"dokumenti-nvoo","status":"publish","type":"page","link":"https:\/\/nvoo.hr\/?page_id=237","title":{"rendered":"Dokumenti NVOO"},"content":{"rendered":"<h2>Izvje\u0161\u0107e &#8211; 3. godi\u0161te<\/h2>\n<p>IZVJE\u0160\u0106E \u2013 3. godi\u0161te (2015.) NACIONALNOG VIJE\u0106A ZA ODGOJ I OBRAZOVANJE, usvojeno je na 27. sjednici Nacionalnog vije\u0107a za odgoj i obrazovanje, odr\u017eanoj 28. sije\u010dnja 2016. godine.<\/p>\n<p><a href=\"https:\/\/nvoo.hr\/wp-content\/uploads\/2015\/02\/Izvje\u0161\u0107e-2015_NVOO-_za-web.pdf\" rel=\"\">Izvje\u0161\u0107e NVOO 2015.<\/a><\/p>\n<h2><\/h2>\n<h2>Izvje\u0161\u0107e &#8211; 2. godi\u0161te<\/h2>\n<p>IZVJE\u0160\u0106E \u2013 2. godi\u0161te (2014.) NACIONALNOG VIJE\u0106A ZA ODGOJ I OBRAZOVANJE, usvojeno je na 20. sjednici Nacionalnog vije\u0107a za odgoj i obrazovanje, odr\u017eanoj 26. velja\u010de 2015. godine, a na 60. sjednici Odbora za obrazovanje, znanost i kulturu Hrvatskog sabora, odr\u017eanoj 6. svibnja 2015. godine je prihva\u0107eno.<\/p>\n<p><a href=\"https:\/\/nvoo.hr\/wp-content\/uploads\/2015\/06\/Izvje\u0161\u0107e-NVOO-2014-usvojeno_za-HS.pdf\">Izvje\u0161\u0107e NVOO 2014.<\/a><\/p>\n<p>&nbsp;<\/p>\n<h2>Izvje\u0161\u0107e &#8211; 1. godi\u0161te<\/h2>\n<p>IZVJE\u0160\u0106E \u2013 1. godi\u0161te (2013.) NACIONALNOG\u00a0 VIJE\u0106A\u00a0 ZA\u00a0 ODGOJ\u00a0 I\u00a0 OBRAZOVANJE, jednoglasno je usvojeno na 12. sjednici Nacionalnog vije\u0107a za odgoj i obrazovanje, odr\u017eanoj 3. travnja 2014. godine, a na 49. sjednici Odbora za obrazovanje, znanost i kulturu Hrvatskog sabora, odr\u017eanoj 19. studenoga 2014. godine jednoglasno je dobilo podr\u0161ku.<\/p>\n<p><a href=\"https:\/\/nvoo.hr\/wp-content\/uploads\/2015\/02\/Izvje\u0161\u0107e-NVOO-o\u017eujak-2014-.pdf\">Izvje\u0161\u0107e NVOO- prosinac 2012. &#8211; velja\u010da 2014.<\/a><\/p>\n<p>&nbsp;<\/p>\n<h2>Poslovnik o radu Nacionalnog vije\u0107a za odgoj i obrazovanje<\/h2>\n<p>Na temelju \u010dlanka 89.a\u00a0 stavka 1. Zakona\u00a0 o odgoju i obrazovanju u osnovnoj i srednjoj \u0161koli (Narodne novine, br.: 87\/08, 86\/09, 92\/10, 105\/10, 90\/11, 5\/12, 16\/12, 86\/12) Nacionalno vije\u0107e za odgoj i obrazovanje na svojoj konstituiraju\u0107oj sjednici, odr\u017eanoj 7. velja\u010de 2013. godine, donijelo je: POSLOVNIK O RADU NACIONALNOG VIJE\u0106A ZA ODGOJ I OBRAZOVANJE.<br \/>\nOvim se Dokumentom ure\u0111uju prava i du\u017enosti predsjednika i \u010dlanova Nacionalnog vije\u0107a za odgoj i obrazovanje te temeljna pitanja zna\u010dajna za rad Nacionalnog vije\u0107a za odgoj i obrazovanje.<\/p>\n<p><a href=\"https:\/\/nvoo.hr\/wp-content\/uploads\/2015\/02\/Poslovnik-NVOO-2013-.pdf\">Poslovnik NVOO 2013<\/a><\/p>\n","protected":false},"excerpt":{"rendered":"<p>Izvje\u0161\u0107e &#8211; 3. godi\u0161te IZVJE\u0160\u0106E \u2013 3. godi\u0161te (2015.) NACIONALNOG VIJE\u0106A ZA ODGOJ I OBRAZOVANJE, usvojeno je na 27. sjednici Nacionalnog vije\u0107a za odgoj i obrazovanje, odr\u017eanoj 28. sije\u010dnja 2016. godine. Izvje\u0161\u0107e NVOO 2015. Izvje\u0161\u0107e &#8211; 2. godi\u0161te IZVJE\u0160\u0106E \u2013 2. godi\u0161te (2014.) NACIONALNOG VIJE\u0106A ZA ODGOJ I OBRAZOVANJE, usvojeno je na 20. sjednici Nacionalnog [&hellip;]<\/p>\n","protected":false},"author":1,"featured_media":0,"parent":8,"menu_order":0,"comment_status":"closed","ping_status":"closed","template":"","meta":{"_bbp_topic_count":0,"_bbp_reply_count":0,"_bbp_total_topic_count":0,"_bbp_total_reply_count":0,"_bbp_voice_count":0,"_bbp_anonymous_reply_count":0,"_bbp_topic_count_hidden":0,"_bbp_reply_count_hidden":0,"_bbp_forum_subforum_count":0,"footnotes":""},"class_list":["post-237","page","type-page","status-publish","hentry"],"_links":{"self":[{"href":"https:\/\/nvoo.hr\/index.php?rest_route=\/wp\/v2\/pages\/237","targetHints":{"allow":["GET"]}}],"collection":[{"href":"https:\/\/nvoo.hr\/index.php?rest_route=\/wp\/v2\/pages"}],"about":[{"href":"https:\/\/nvoo.hr\/index.php?rest_route=\/wp\/v2\/types\/page"}],"author":[{"embeddable":true,"href":"https:\/\/nvoo.hr\/index.php?rest_route=\/wp\/v2\/users\/1"}],"replies":[{"embeddable":true,"href":"https:\/\/nvoo.hr\/index.php?rest_route=%2Fwp%2Fv2%2Fcomments&post=237"}],"version-history":[{"count":5,"href":"https:\/\/nvoo.hr\/index.php?rest_route=\/wp\/v2\/pages\/237\/revisions"}],"predecessor-version":[{"id":377,"href":"https:\/\/nvoo.hr\/index.php?rest_route=\/wp\/v2\/pages\/237\/revisions\/377"}],"up":[{"embeddable":true,"href":"https:\/\/nvoo.hr\/index.php?rest_route=\/wp\/v2\/pages\/8"}],"wp:attachment":[{"href":"https:\/\/nvoo.hr\/index.php?rest_route=%2Fwp%2Fv2%2Fmedia&parent=237"}],"curies":[{"name":"wp","href":"https:\/\/api.w.org\/{rel}","templated":true}]}}