{"id":10,"date":"2013-08-06T09:38:00","date_gmt":"2013-08-06T09:38:00","guid":{"rendered":"http:\/\/nvoo.hr\/?page_id=10"},"modified":"2017-02-01T14:24:21","modified_gmt":"2017-02-01T12:24:21","slug":"clanovi-vijeca","status":"publish","type":"page","link":"https:\/\/nvoo.hr\/?page_id=10","title":{"rendered":"\u010clanovi Vije\u0107a"},"content":{"rendered":"<h2><a href=\"https:\/\/nvoo.hr\/wp-content\/uploads\/2013\/08\/15419470_10211403275340584_284378195_o.jpg\" rel=\"attachment wp-att-439\"><img decoding=\"async\" class=\"wp-image-439 size-large aligncenter\" src=\"https:\/\/nvoo.hr\/wp-content\/uploads\/2013\/08\/15419470_10211403275340584_284378195_o-1024x576.jpg\" alt=\"15419470_10211403275340584_284378195_o\" width=\"600\" height=\"338\" srcset=\"https:\/\/nvoo.hr\/wp-content\/uploads\/2013\/08\/15419470_10211403275340584_284378195_o-1024x576.jpg 1024w, https:\/\/nvoo.hr\/wp-content\/uploads\/2013\/08\/15419470_10211403275340584_284378195_o-300x169.jpg 300w, https:\/\/nvoo.hr\/wp-content\/uploads\/2013\/08\/15419470_10211403275340584_284378195_o-768x432.jpg 768w, https:\/\/nvoo.hr\/wp-content\/uploads\/2013\/08\/15419470_10211403275340584_284378195_o.jpg 1280w\" sizes=\"(max-width: 600px) 100vw, 600px\" \/><\/a><\/h2>\n<h2>Nacionalno vije\u0107e za odgoj i obrazovanje 20. o\u017eujka 2015. &#8211; 20. prosinca 2016.<\/h2>\n<p>Predsjednica:<br \/>\nprof. dr. sc. Jasna Krstovi\u0107, U\u010diteljski fakultet Sveu\u010dili\u0161ta u Rijeci<\/p>\n<p>\u010clanovi:<br \/>\nprof. dr. sc. Vlatko Previ\u0161i\u0107, Filozofski fakultet Sveu\u010dili\u0161ta u Zagrebu<br \/>\ndr. sc. Petar Bezinovi\u0107, Institut za dru\u0161tvena istra\u017eivanja u Zagrebu<br \/>\ndoc. dr. sc. Marko Aleri\u0107, Filozofski fakultet Sveu\u010dili\u0161ta u Zagrebu<br \/>\nAdrijana Vi\u0161nji\u0107 Jevti\u0107, prof., Dje\u010dji vrti\u0107 \u010cakovec<br \/>\nLidija Kralj, prof., Osnovna \u0161kola Veliki Bukovec<br \/>\nmr. sc. Mirela Leki\u0107, Hrvatska obrtni\u010dka komora, Odjel za strukovno obrazovanje, Zagreb<br \/>\ndr. sc. Boris Joki\u0107, Institut za dru\u0161tvena istra\u017eivanja u Zagrebu<br \/>\ndoc. dr. sc. Goran Su\u010di\u0107, Filozofski fakultet Sveu\u010dili\u0161ta u Splitu<br \/>\nprof. dr. sc. Vlatka Domovi\u0107, U\u010diteljski fakultet Sveu\u010dili\u0161ta u Zagrebu<br \/>\nViktorija Nevisti\u0107, Osnovna \u0161kola Ivana Cankara u Zagrebu<br \/>\nDalibor Sumpor, Tehni\u010dka \u0161kola Kutina<br \/>\nMarijan \u0160imeg, \u201e\u0160kolske novine\u201c u Zagrebu<br \/>\nJosip Kli\u010dinovi\u0107, X. gimnazija Ivan Supek u Zagrebu<br \/>\nAna \u0160tefanec, Dje\u010dji vrti\u0107 \u201eDobro Drvo\u201c u Zagrebu<\/p>\n<ul>\n<li><a href=\"https:\/\/nvoo.hr\/wp-content\/uploads\/2013\/08\/Odluka-_razrje\u0161enje_NVOO_NN-34.2015..htm\">Odluka o razrje\u0161enju dijela \u010dlanova NVOO<\/a><\/li>\n<li><a href=\"https:\/\/nvoo.hr\/wp-content\/uploads\/2013\/08\/Odluka-_imenovanje-NVOO_NN-34-2015.htm\">Odluka o imenovanju dijela \u010dlanova NVOO<\/a><\/li>\n<\/ul>\n<h2><\/h2>\n<h2>Nacionalno vije\u0107e za odgoj i obrazovanje 18. prosinca 2014. &#8211; 19. o\u017eujka 2015.<\/h2>\n<p>Predsjednica:<br \/>\nprof. dr. sc. Jasna Krstovi\u0107, U\u010diteljski fakultet Sveu\u010dili\u0161ta u Rijeci<\/p>\n<p>\u010clanovi:<br \/>\nprof. dr. sc. Vlatko Previ\u0161i\u0107, Filozofski fakultet Sveu\u010dili\u0161ta u Zagrebu<br \/>\ndr. sc. Petar Bezinovi\u0107, Institut za dru\u0161tvena istra\u017eivanja u Zagrebu<br \/>\ndoc. dr. sc. Marko Aleri\u0107, Filozofski fakultet Sveu\u010dili\u0161ta u Zagrebu<br \/>\nAdrijana Vi\u0161nji\u0107 Jevti\u0107, prof., Dje\u010dji vrti\u0107 \u010cakovec<br \/>\nLidija Kralj, prof., Osnovna \u0161kola Veliki Bukovec<br \/>\nmr. sc. Mirela Leki\u0107, Hrvatska obrtni\u010dka komora, Odjel za strukovno obrazovanje, Zagreb<br \/>\ndr. sc. Boris Joki\u0107, Institut za dru\u0161tvena istra\u017eivanja u Zagrebu<\/p>\n<ul>\n<li><a href=\"https:\/\/nvoo.hr\/wp-content\/uploads\/2013\/08\/Odluka_razrje\u0161enje_D.-\u0160krlec.pdf\">Odluka o razrje\u0161enju Davora \u0160krleca<\/a><\/li>\n<li><a href=\"https:\/\/nvoo.hr\/wp-content\/uploads\/2013\/08\/Odluka_imenovanje_B.-Joki\u0107.pdf\">Odluka o imenovanju Borisa\u00a0 Joki\u0107a<\/a><\/li>\n<\/ul>\n<h2>Nacionalno vije\u0107e za odgoj i obrazovanje 18. prosinca 2012. &#8211; 18. prosinca 2014.<\/h2>\n<p>Predsjednica:<br \/>\nprof. dr. sc. Jasna Krstovi\u0107, U\u010diteljski fakultet Sveu\u010dili\u0161ta u Rijeci<\/p>\n<p>\u010clanovi:<br \/>\nprof. dr. sc. Vlatko Previ\u0161i\u0107, Filozofski fakultet Sveu\u010dili\u0161ta u Zagrebu<br \/>\nprof. emiritus dr. sc. Nikola Pastuovi\u0107, Institut za dru\u0161tvena istra\u017eivanja u Zagrebu<br \/>\ndr. sc. Petar Bezinovi\u0107, Institut za dru\u0161tvena istra\u017eivanja u Zagrebu<br \/>\ndoc. dr. sc. Marko Aleri\u0107, Filozofski fakultet Sveu\u010dili\u0161ta u Zagrebu<br \/>\nprof. dr. sc. Dubravka Miljkovi\u0107, U\u010diteljski fakultet Sveu\u010dili\u0161ta u Zagrebu<br \/>\nprof. dr. sc. Davor \u0160krlec, Fakultet elektrotehnike i ra\u010dunarstva Sveu\u010dili\u0161ta u Zagrebu<br \/>\nAdrijana Vi\u0161nji\u0107 Jevti\u0107, prof., Dje\u010dji vrti\u0107 \u010cakovec<br \/>\nLidija Kralj, prof., Osnovna \u0161kola Veliki Bukovec<br \/>\nBojana Hribljan, prof., IV. osnovna \u0161kola, Bjelovar<br \/>\nVlado Prskalo, prof., Srednja \u0161kola Matije Antuna Reljkovi\u0107a, Slavonski Brod<br \/>\nLilijana Radobuljac, prof., Tehni\u010dka \u0161kola Nikole Tesle, Vukovar<br \/>\nTomislav Re\u0161kovac, prof., Privatna klasi\u010dna gimnazija s pravom javnosti, Zagreb<br \/>\nmr. sc. Mirela Leki\u0107, Hrvatska obrtni\u010dka komora, Odjel za strukovno obrazovanje, Zagreb<br \/>\nEli Pijaca Plav\u0161i\u0107, prof., Forum za slobodu odgoja, Zagreb<\/p>\n<ul>\n<li><a href=\"https:\/\/nvoo.hr\/wp-content\/uploads\/2013\/08\/Odluka-o-imenovanju-NVOO-a.pdf\">Odluka o imenovanju \u010dlanova NVOO-a<\/a><\/li>\n<li><a href=\"https:\/\/nvoo.hr\/wp-content\/uploads\/2013\/08\/Odluka-o-utvr\u0111ivanju-mandata-\u010dlanova-NVOO_NN76_2013.pdf\">Odluka o utvr\u0111ivanju mandata \u010dlanova NVOO<\/a><\/li>\n<\/ul>\n","protected":false},"excerpt":{"rendered":"<p>Nacionalno vije\u0107e za odgoj i obrazovanje 20. o\u017eujka 2015. &#8211; 20. prosinca 2016. Predsjednica: prof. dr. sc. Jasna Krstovi\u0107, U\u010diteljski fakultet Sveu\u010dili\u0161ta u Rijeci \u010clanovi: prof. dr. sc. Vlatko Previ\u0161i\u0107, Filozofski fakultet Sveu\u010dili\u0161ta u Zagrebu dr. sc. Petar Bezinovi\u0107, Institut za dru\u0161tvena istra\u017eivanja u Zagrebu doc. dr. sc. Marko Aleri\u0107, Filozofski fakultet Sveu\u010dili\u0161ta u Zagrebu [&hellip;]<\/p>\n","protected":false},"author":1,"featured_media":0,"parent":0,"menu_order":0,"comment_status":"open","ping_status":"closed","template":"","meta":{"_bbp_topic_count":0,"_bbp_reply_count":0,"_bbp_total_topic_count":0,"_bbp_total_reply_count":0,"_bbp_voice_count":0,"_bbp_anonymous_reply_count":0,"_bbp_topic_count_hidden":0,"_bbp_reply_count_hidden":0,"_bbp_forum_subforum_count":0,"footnotes":""},"class_list":["post-10","page","type-page","status-publish","hentry"],"_links":{"self":[{"href":"https:\/\/nvoo.hr\/index.php?rest_route=\/wp\/v2\/pages\/10","targetHints":{"allow":["GET"]}}],"collection":[{"href":"https:\/\/nvoo.hr\/index.php?rest_route=\/wp\/v2\/pages"}],"about":[{"href":"https:\/\/nvoo.hr\/index.php?rest_route=\/wp\/v2\/types\/page"}],"author":[{"embeddable":true,"href":"https:\/\/nvoo.hr\/index.php?rest_route=\/wp\/v2\/users\/1"}],"replies":[{"embeddable":true,"href":"https:\/\/nvoo.hr\/index.php?rest_route=%2Fwp%2Fv2%2Fcomments&post=10"}],"version-history":[{"count":13,"href":"https:\/\/nvoo.hr\/index.php?rest_route=\/wp\/v2\/pages\/10\/revisions"}],"predecessor-version":[{"id":451,"href":"https:\/\/nvoo.hr\/index.php?rest_route=\/wp\/v2\/pages\/10\/revisions\/451"}],"wp:attachment":[{"href":"https:\/\/nvoo.hr\/index.php?rest_route=%2Fwp%2Fv2%2Fmedia&parent=10"}],"curies":[{"name":"wp","href":"https:\/\/api.w.org\/{rel}","templated":true}]}}